{"id":2549,"date":"2023-11-23T18:18:48","date_gmt":"2023-11-23T16:18:48","guid":{"rendered":"https:\/\/eloxeweb.ro\/kontakt\/"},"modified":"2025-09-16T13:14:16","modified_gmt":"2025-09-16T10:14:16","slug":"kontakt","status":"publish","type":"page","link":"https:\/\/eloxeweb.ro\/de\/kontakt\/","title":{"rendered":"Kontakt"},"content":{"rendered":"\t\t<div data-elementor-type=\"wp-page\" data-elementor-id=\"2549\" class=\"elementor elementor-2549 elementor-115\" data-elementor-settings=\"{&quot;element_pack_global_tooltip_width&quot;:{&quot;unit&quot;:&quot;px&quot;,&quot;size&quot;:&quot;&quot;,&quot;sizes&quot;:[]},&quot;element_pack_global_tooltip_width_tablet&quot;:{&quot;unit&quot;:&quot;px&quot;,&quot;size&quot;:&quot;&quot;,&quot;sizes&quot;:[]},&quot;element_pack_global_tooltip_width_mobile&quot;:{&quot;unit&quot;:&quot;px&quot;,&quot;size&quot;:&quot;&quot;,&quot;sizes&quot;:[]},&quot;element_pack_global_tooltip_padding&quot;:{&quot;unit&quot;:&quot;px&quot;,&quot;top&quot;:&quot;&quot;,&quot;right&quot;:&quot;&quot;,&quot;bottom&quot;:&quot;&quot;,&quot;left&quot;:&quot;&quot;,&quot;isLinked&quot;:true},&quot;element_pack_global_tooltip_padding_tablet&quot;:{&quot;unit&quot;:&quot;px&quot;,&quot;top&quot;:&quot;&quot;,&quot;right&quot;:&quot;&quot;,&quot;bottom&quot;:&quot;&quot;,&quot;left&quot;:&quot;&quot;,&quot;isLinked&quot;:true},&quot;element_pack_global_tooltip_padding_mobile&quot;:{&quot;unit&quot;:&quot;px&quot;,&quot;top&quot;:&quot;&quot;,&quot;right&quot;:&quot;&quot;,&quot;bottom&quot;:&quot;&quot;,&quot;left&quot;:&quot;&quot;,&quot;isLinked&quot;:true},&quot;element_pack_global_tooltip_border_radius&quot;:{&quot;unit&quot;:&quot;px&quot;,&quot;top&quot;:&quot;&quot;,&quot;right&quot;:&quot;&quot;,&quot;bottom&quot;:&quot;&quot;,&quot;left&quot;:&quot;&quot;,&quot;isLinked&quot;:true},&quot;element_pack_global_tooltip_border_radius_tablet&quot;:{&quot;unit&quot;:&quot;px&quot;,&quot;top&quot;:&quot;&quot;,&quot;right&quot;:&quot;&quot;,&quot;bottom&quot;:&quot;&quot;,&quot;left&quot;:&quot;&quot;,&quot;isLinked&quot;:true},&quot;element_pack_global_tooltip_border_radius_mobile&quot;:{&quot;unit&quot;:&quot;px&quot;,&quot;top&quot;:&quot;&quot;,&quot;right&quot;:&quot;&quot;,&quot;bottom&quot;:&quot;&quot;,&quot;left&quot;:&quot;&quot;,&quot;isLinked&quot;:true}}\">\n\t\t\t\t\t\t<section class=\"elementor-section elementor-top-section elementor-element elementor-element-29d3c5f9 elementor-section-boxed elementor-section-height-default elementor-section-height-default\" data-id=\"29d3c5f9\" data-element_type=\"section\" data-settings=\"{&quot;background_background&quot;:&quot;classic&quot;}\">\n\t\t\t\t\t\t<div class=\"elementor-container elementor-column-gap-default\">\n\t\t\t\t\t<div class=\"elementor-column elementor-col-100 elementor-top-column elementor-element elementor-element-5b9b5591 elementor-invisible\" data-id=\"5b9b5591\" data-element_type=\"column\" data-settings=\"{&quot;background_background&quot;:&quot;classic&quot;,&quot;animation&quot;:&quot;fadeInUp&quot;}\">\n\t\t\t<div class=\"elementor-widget-wrap elementor-element-populated\">\n\t\t\t\t\t<div class=\"elementor-background-overlay\"><\/div>\n\t\t\t\t\t\t<div class=\"elementor-element elementor-element-2b2ac7cb elementor-widget__width-initial ui-e-a-animate elementor-widget elementor-widget-highlighted-text\" data-id=\"2b2ac7cb\" data-element_type=\"widget\" data-widget_type=\"highlighted-text.default\">\n\t\t\t\t<div class=\"elementor-widget-container\">\n\t\t\t\t\t\t\t<h2 class=\"ui-e--highlighted-text\">\n\t\t\t<span class=\"ui-e-headline-text elementor-repeater-item-958245f\">Kontaktieren Sie EloxeWeb -<\/span><span class=\"ui-e-headline-text elementor-repeater-item-533f29d ui-e-headline-color\">\n\t\t\t\t\t\t\t\t\t<span class=\"whitespace\"><\/span>\n                                    <span>\n                                        <span class=\"ui-e-headline-text ui-e-headline-highlighted\">Ihr digitaler Partner ist nur einen Klick entfernt<\/span><span class=\"uicore-svg-wrapper\"><svg xmlns=\"http:\/\/www.w3.org\/2000\/svg\" viewBox=\"0 0 500 150\" preserveAspectRatio=\"none\"><\/svg><\/span><\/span> <span class=\"whitespace\"> <\/span><\/span>\t\t<\/h2>\n\t\t\t\t\t<\/div>\n\t\t\t\t<\/div>\n\t\t\t\t<div class=\"elementor-element elementor-element-b0820f0 elementor-widget elementor-widget-text-editor\" data-id=\"b0820f0\" data-element_type=\"widget\" data-widget_type=\"text-editor.default\">\n\t\t\t\t<div class=\"elementor-widget-container\">\n\t\t\t\t\t\t\t\t\t<p>Wir sind hier, um Ihre digitale Vision in die Realit\u00e4t umzusetzen. Ob Sie Fragen haben, spezifische Projektanforderungen oder einfach nur mehr \u00fcber unsere Dienstleistungen erfahren m\u00f6chten, das Team von EloxeWeb ist bereit, Ihnen zuzuh\u00f6ren und Ihnen die passenden L\u00f6sungen anzubieten. Schreiben Sie uns, rufen Sie uns an oder besuchen Sie uns, um gemeinsam mit uns Ihre Reise zur digitalen Exzellenz zu beginnen.<\/p>\t\t\t\t\t\t\t\t<\/div>\n\t\t\t\t<\/div>\n\t\t\t\t<div class=\"elementor-element elementor-element-6b07ab0a elementor-align-center elementor-icon-list--layout-traditional elementor-list-item-link-full_width elementor-widget elementor-widget-icon-list\" data-id=\"6b07ab0a\" data-element_type=\"widget\" data-widget_type=\"icon-list.default\">\n\t\t\t\t<div class=\"elementor-widget-container\">\n\t\t\t\t\t\t\t<ul class=\"elementor-icon-list-items\">\n\t\t\t\t\t\t\t<li class=\"elementor-icon-list-item\">\n\t\t\t\t\t\t\t\t\t\t\t<a href=\"mailto:office@eloxeweb.ro\">\n\n\t\t\t\t\t\t\t\t\t\t\t\t<span class=\"elementor-icon-list-icon\">\n\t\t\t\t\t\t\t<i aria-hidden=\"true\" class=\"fas fa-envelope\"><\/i>\t\t\t\t\t\t<\/span>\n\t\t\t\t\t\t\t\t\t\t<span class=\"elementor-icon-list-text\">office@eloxeweb.ro<\/span>\n\t\t\t\t\t\t\t\t\t\t\t<\/a>\n\t\t\t\t\t\t\t\t\t<\/li>\n\t\t\t\t\t\t\t\t<li class=\"elementor-icon-list-item\">\n\t\t\t\t\t\t\t\t\t\t\t<a href=\"tel:+40755786285\">\n\n\t\t\t\t\t\t\t\t\t\t\t\t<span class=\"elementor-icon-list-icon\">\n\t\t\t\t\t\t\t<i aria-hidden=\"true\" class=\"fas fa-phone-alt\"><\/i>\t\t\t\t\t\t<\/span>\n\t\t\t\t\t\t\t\t\t\t<span class=\"elementor-icon-list-text\">+40 755 786 285<\/span>\n\t\t\t\t\t\t\t\t\t\t\t<\/a>\n\t\t\t\t\t\t\t\t\t<\/li>\n\t\t\t\t\t\t\t\t<li class=\"elementor-icon-list-item\">\n\t\t\t\t\t\t\t\t\t\t\t<a href=\"https:\/\/maps.app.goo.gl\/AQmqqgJyD65UoLvYA\" target=\"_blank\" rel=\"noopener\">\n\n\t\t\t\t\t\t\t\t\t\t\t\t<span class=\"elementor-icon-list-icon\">\n\t\t\t\t\t\t\t<i aria-hidden=\"true\" class=\"fas fa-map-marker-alt\"><\/i>\t\t\t\t\t\t<\/span>\n\t\t\t\t\t\t\t\t\t\t<span class=\"elementor-icon-list-text\">Str. Lucreaf\u0103rului, Nr.1-3, Cluj, Rum\u00e4nien<\/span>\n\t\t\t\t\t\t\t\t\t\t\t<\/a>\n\t\t\t\t\t\t\t\t\t<\/li>\n\t\t\t\t\t\t<\/ul>\n\t\t\t\t\t\t<\/div>\n\t\t\t\t<\/div>\n\t\t\t\t\t<\/div>\n\t\t<\/div>\n\t\t\t\t\t<\/div>\n\t\t<\/section>\n\t\t\t\t<div class=\"elementor-section elementor-top-section elementor-element elementor-element-acb2e7b elementor-section-boxed elementor-section-height-default elementor-section-height-default\" data-id=\"acb2e7b\" data-element_type=\"section\" data-settings=\"{&quot;background_background&quot;:&quot;classic&quot;}\">\n\t\t\t\t\t\t<div class=\"elementor-container elementor-column-gap-default\">\n\t\t\t\t\t<div class=\"elementor-column elementor-col-100 elementor-top-column elementor-element elementor-element-9961653 elementor-invisible\" data-id=\"9961653\" data-element_type=\"column\" data-settings=\"{&quot;background_background&quot;:&quot;classic&quot;,&quot;animation&quot;:&quot;fadeInUp&quot;,&quot;animation_delay&quot;:100}\">\n\t\t\t<div class=\"elementor-widget-wrap elementor-element-populated\">\n\t\t\t\t\t\t<div class=\"elementor-element elementor-element-5032fc3 elementor-widget elementor-widget-heading\" data-id=\"5032fc3\" data-element_type=\"widget\" data-widget_type=\"heading.default\">\n\t\t\t\t<div class=\"elementor-widget-container\">\n\t\t\t\t\t<h3 class=\"elementor-heading-title elementor-size-default\">Kontaktformular<\/h3>\t\t\t\t<\/div>\n\t\t\t\t<\/div>\n\t\t\t\t<div class=\"elementor-element elementor-element-b9c7080 elementor-widget elementor-widget-bdt-quform\" data-id=\"b9c7080\" data-element_type=\"widget\" data-widget_type=\"bdt-quform.default\">\n\t\t\t\t<div class=\"elementor-widget-container\">\n\t\t\t\t\t<div id=\"quform-dbea49\" class=\"quform quform-2 quform-theme-dark quform-support-page-caching\"><form id=\"quform-form-dbea49\" class=\"quform-form quform-form-2\" action=\"\/de\/wp-json\/wp\/v2\/pages\/2549#quform-dbea49\" method=\"post\" enctype=\"multipart\/form-data\" novalidate=\"novalidate\" data-options=\"{&quot;id&quot;:2,&quot;uniqueId&quot;:&quot;dbea49&quot;,&quot;theme&quot;:&quot;dark&quot;,&quot;ajax&quot;:true,&quot;logic&quot;:{&quot;logic&quot;:[],&quot;dependents&quot;:[],&quot;elementIds&quot;:[],&quot;dependentElementIds&quot;:[],&quot;animate&quot;:false},&quot;currentPageId&quot;:1,&quot;errorsIcon&quot;:&quot;&quot;,&quot;updateFancybox&quot;:true,&quot;hasPages&quot;:false,&quot;pages&quot;:[1],&quot;pageProgressType&quot;:&quot;numbers&quot;,&quot;tooltipsEnabled&quot;:true,&quot;tooltipClasses&quot;:&quot;qtip-quform-dark qtip-shadow&quot;,&quot;tooltipMy&quot;:&quot;left center&quot;,&quot;tooltipAt&quot;:&quot;right center&quot;,&quot;isRtl&quot;:false,&quot;scrollOffset&quot;:-50,&quot;scrollSpeed&quot;:800}\"><button class=\"quform-default-submit\" name=\"quform_submit\" type=\"submit\" value=\"submit\" aria-hidden=\"true\" tabindex=\"-1\"><\/button><div class=\"quform-form-inner quform-form-inner-2\"><input type=\"hidden\" name=\"quform_form_id\" value=\"2\" \/><input type=\"hidden\" name=\"quform_form_uid\" value=\"dbea49\" \/><input type=\"hidden\" name=\"quform_count\" value=\"1\" \/><input type=\"hidden\" name=\"form_url\" value=\"https:\/\/eloxeweb.ro\/de\/wp-json\/wp\/v2\/pages\/2549\" \/><input type=\"hidden\" name=\"referring_url\" value=\"\" \/><input type=\"hidden\" name=\"post_id\" value=\"\" \/><input type=\"hidden\" name=\"post_title\" value=\"\" \/><input type=\"hidden\" name=\"quform_current_page_id\" value=\"1\" \/><input type=\"hidden\" name=\"quform_csrf_token\" value=\"hqxTHuQOnni7F0EpinyTXe94AiuYbMPMH1UQ5k4q\" \/><div class=\"quform-elements quform-elements-2 quform-cf quform-responsive-elements-phone-landscape\"><div class=\"quform-element quform-element-page quform-page-1 quform-page-2_1 quform-cf quform-group-style-plain quform-first-page quform-last-page quform-current-page\"><div class=\"quform-child-elements\"><div class=\"quform-element quform-element-row quform-element-row-2_4 quform-2-columns quform-element-row-size-fixed quform-responsive-columns-phone-landscape\"><div class=\"quform-element quform-element-column quform-element-2_5\"><div class=\"quform-element quform-element-name quform-element-2_3 quform-cf quform-element-required\"><div class=\"quform-spacer\"><div class=\"quform-label quform-label-2_3\"><span class=\"quform-label-icon\"><i class=\"fa fa-user\"><\/i><\/span><label class=\"quform-label-text\" id=\"quform_2_3_dbea49_label\">Dein Name<span class=\"quform-required\">*<\/span><\/label><\/div><div class=\"quform-inner quform-inner-name quform-inner-2_3\"><div class=\"quform-input quform-input-name quform-input-2_3 quform-cf\"><div class=\"quform-element-row quform-1-columns quform-element-row-size-fixed quform-responsive-columns-phone-landscape\"><div class=\"quform-element-column\"><div class=\"quform-element quform-element-text quform-element-2_3_2 quform-cf quform-element-required\"><div class=\"quform-spacer\"><div class=\"quform-inner quform-inner-text quform-inner-2_3_2\"><div class=\"quform-input quform-input-text quform-input-2_3_2 quform-cf\"><input type=\"text\" id=\"quform_2_3_2_dbea49\" name=\"quform_2_3[2]\" class=\"quform-field quform-field-text quform-field-2_3_2\" aria-labelledby=\"quform_2_3_dbea49_label\" \/><\/div><\/div><\/div><\/div><\/div><\/div><\/div><\/div><\/div><\/div><div class=\"quform-element quform-element-text quform-element-2_8 quform-cf quform-element-required\"><div class=\"quform-spacer\"><div class=\"quform-label quform-label-2_8\"><span class=\"quform-label-icon\"><i class=\"fa fa-phone\"><\/i><\/span><label class=\"quform-label-text\" for=\"quform_2_8_dbea49\">Telefonnummer<span class=\"quform-required\">*<\/span><\/label><\/div><div class=\"quform-inner quform-inner-text quform-inner-2_8\"><div class=\"quform-input quform-input-text quform-input-2_8 quform-cf\"><input type=\"text\" id=\"quform_2_8_dbea49\" name=\"quform_2_8\" class=\"quform-field quform-field-text quform-field-2_8\" \/><\/div><\/div><\/div><\/div><\/div><div class=\"quform-element quform-element-column quform-element-2_6\"><div class=\"quform-element quform-element-email quform-element-2_7 quform-cf quform-element-required\"><div class=\"quform-spacer\"><div class=\"quform-label quform-label-2_7\"><span class=\"quform-label-icon\"><i class=\"fa fa-envelope-o\"><\/i><\/span><label class=\"quform-label-text\" for=\"quform_2_7_dbea49\">E-Mail-Adresse<span class=\"quform-required\">*<\/span><\/label><\/div><div class=\"quform-inner quform-inner-email quform-inner-2_7\"><div class=\"quform-input quform-input-email quform-input-2_7 quform-cf\"><input type=\"email\" id=\"quform_2_7_dbea49\" name=\"quform_2_7\" class=\"quform-field quform-field-email quform-field-2_7\" \/><\/div><\/div><\/div><\/div><div class=\"quform-element quform-element-text quform-element-2_15 quform-cf quform-element-optional\"><div class=\"quform-spacer\"><div class=\"quform-label quform-label-2_15\"><label class=\"quform-label-text\" for=\"quform_2_15_dbea49\">Website-Adresse<\/label><\/div><div class=\"quform-inner quform-inner-text quform-inner-2_15\"><div class=\"quform-input quform-input-text quform-input-2_15 quform-cf\"><input type=\"text\" id=\"quform_2_15_dbea49\" name=\"quform_2_15\" class=\"quform-field quform-field-text quform-field-2_15\" value=\"https:\/\/\" \/><\/div><\/div><\/div><\/div><\/div><\/div><div class=\"quform-element quform-element-textarea quform-element-2_10 quform-cf quform-element-optional\"><div class=\"quform-spacer\"><div class=\"quform-label quform-label-2_10\"><label class=\"quform-label-text\" for=\"quform_2_10_dbea49\">Womit k\u00f6nnen wir Ihnen helfen?<\/label><\/div><div class=\"quform-inner quform-inner-textarea quform-inner-2_10\"><div class=\"quform-input quform-input-textarea quform-input-2_10 quform-cf\"><textarea id=\"quform_2_10_dbea49\" name=\"quform_2_10\" class=\"quform-field quform-field-textarea quform-field-2_10\"><\/textarea><\/div><\/div><\/div><\/div><div class=\"quform-element quform-element-checkbox quform-element-2_18 quform-cf quform-element-optional\"><div class=\"quform-spacer\"><div class=\"quform-label quform-label-2_18\"><label class=\"quform-label-text\" id=\"quform_2_18_dbea49_label\">An welcher Art von Projekt sind Sie interessiert?<\/label><\/div><div class=\"quform-inner quform-inner-checkbox quform-inner-2_18\"><div class=\"quform-input quform-input-checkbox quform-input-2_18 quform-cf\"><div class=\"quform-options quform-cf quform-options-columns quform-2-columns quform-responsive-columns-phone-landscape quform-options-style-button quform-button-style-theme quform-button-icon-left\" role=\"group\" aria-labelledby=\"quform_2_18_dbea49_label\"><div class=\"quform-option\"><input type=\"checkbox\" name=\"quform_2_18[]\" id=\"quform_2_18_dbea49_1\" class=\"quform-field quform-field-checkbox quform-field-2_18 quform-field-2_18_1\" value=\"Webseitendesign\" \/><label for=\"quform_2_18_dbea49_1\" class=\"quform-option-label quform-option-label-2_18_1\"><span class=\"quform-option-text\">Webseitendesign<\/span><\/label><\/div><div class=\"quform-option\"><input type=\"checkbox\" name=\"quform_2_18[]\" id=\"quform_2_18_dbea49_2\" class=\"quform-field quform-field-checkbox quform-field-2_18 quform-field-2_18_2\" value=\"SEO-Optimierung\" \/><label for=\"quform_2_18_dbea49_2\" class=\"quform-option-label quform-option-label-2_18_2\"><span class=\"quform-option-text\">SEO-Optimierung<\/span><\/label><\/div><div class=\"quform-option\"><input type=\"checkbox\" name=\"quform_2_18[]\" id=\"quform_2_18_dbea49_3\" class=\"quform-field quform-field-checkbox quform-field-2_18 quform-field-2_18_3\" value=\"E-Mail-Marketing\" \/><label for=\"quform_2_18_dbea49_3\" class=\"quform-option-label quform-option-label-2_18_3\"><span class=\"quform-option-text\">E-Mail-Marketing<\/span><\/label><\/div><div class=\"quform-option\"><input type=\"checkbox\" name=\"quform_2_18[]\" id=\"quform_2_18_dbea49_4\" class=\"quform-field quform-field-checkbox quform-field-2_18 quform-field-2_18_4\" value=\"Grafikdesign\" \/><label for=\"quform_2_18_dbea49_4\" class=\"quform-option-label quform-option-label-2_18_4\"><span class=\"quform-option-text\">Grafikdesign<\/span><\/label><\/div><div class=\"quform-option\"><input type=\"checkbox\" name=\"quform_2_18[]\" id=\"quform_2_18_dbea49_5\" class=\"quform-field quform-field-checkbox quform-field-2_18 quform-field-2_18_5\" value=\"Produkt-Feed-Import\" \/><label for=\"quform_2_18_dbea49_5\" class=\"quform-option-label quform-option-label-2_18_5\"><span class=\"quform-option-text\">Produkt-Feed-Import<\/span><\/label><\/div><div class=\"quform-option\"><input type=\"checkbox\" name=\"quform_2_18[]\" id=\"quform_2_18_dbea49_6\" class=\"quform-field quform-field-checkbox quform-field-2_18 quform-field-2_18_6\" value=\"Social-Media-Marketing\" \/><label for=\"quform_2_18_dbea49_6\" class=\"quform-option-label quform-option-label-2_18_6\"><span class=\"quform-option-text\">Social-Media-Marketing<\/span><\/label><\/div><\/div><\/div><\/div><\/div><\/div><div class=\"quform-element quform-element-checkbox quform-element-2_13 quform-cf quform-element-required\"><div class=\"quform-spacer\"><div class=\"quform-inner quform-inner-checkbox quform-inner-2_13\"><div class=\"quform-input quform-input-checkbox quform-input-2_13 quform-cf\"><div class=\"quform-options quform-cf quform-options-block quform-options-simple\"><div class=\"quform-option\"><input type=\"checkbox\" name=\"quform_2_13[]\" id=\"quform_2_13_dbea49_1\" class=\"quform-field quform-field-checkbox quform-field-2_13 quform-field-2_13_1\" value=\"Ich stimme der Verarbeitung der Daten gem\u00e4\u00df der Datenschutzerkl\u00e4rung zu.\" \/><label for=\"quform_2_13_dbea49_1\" class=\"quform-option-label quform-option-label-2_13_1\"><span class=\"quform-option-text\">Ich stimme der Verarbeitung der Daten gem\u00e4\u00df der Datenschutzerkl\u00e4rung zu.<\/span><\/label><\/div><\/div><\/div><p class=\"quform-description quform-description-below\">Siehe <a style=\"color:#fff\" href=\"https:\/\/eloxeweb.ro\/de\/datenschutzbestimmungen\/\">Datenschutzerkl\u00e4rung<\/a><\/p><\/div><\/div><\/div><div class=\"quform-element quform-element-submit quform-element-2_2 quform-cf quform-button-style-theme quform-button-width-full\"><div class=\"quform-button-submit quform-button-submit-default quform-button-submit-2_2\" data-animation=\"two\"><button name=\"quform_submit\" type=\"submit\" class=\"quform-submit\" value=\"submit\"><span class=\"quform-button-text quform-button-submit-text\">Senden<\/span><\/button><\/div><div class=\"quform-loading quform-loading-position-left quform-loading-type-spinner-1\"><div class=\"quform-loading-inner\"><div class=\"quform-loading-spinner\"><div class=\"quform-loading-spinner-inner\"><\/div><\/div><\/div><\/div><\/div><\/div><\/div><\/div><\/div><\/form><\/div>\t\t\t\t<\/div>\n\t\t\t\t<\/div>\n\t\t\t\t\t<\/div>\n\t\t<\/div>\n\t\t\t\t\t<\/div>\n\t\t<\/div>\n\t\t\t\t<\/div>\n\t\t","protected":false},"excerpt":{"rendered":"<p>Kontaktieren Sie EloxeWeb &#8211; Ihr digitaler Partner ist nur einen Klick entfernt Wir sind hier, um Ihre digitale Vision in die Realit\u00e4t [&hellip;]<\/p>\n","protected":false},"author":1,"featured_media":0,"parent":0,"menu_order":0,"comment_status":"closed","ping_status":"closed","template":"","meta":{"footnotes":""},"class_list":["post-2549","page","type-page","status-publish","hentry"],"_links":{"self":[{"href":"https:\/\/eloxeweb.ro\/de\/wp-json\/wp\/v2\/pages\/2549","targetHints":{"allow":["GET"]}}],"collection":[{"href":"https:\/\/eloxeweb.ro\/de\/wp-json\/wp\/v2\/pages"}],"about":[{"href":"https:\/\/eloxeweb.ro\/de\/wp-json\/wp\/v2\/types\/page"}],"author":[{"embeddable":true,"href":"https:\/\/eloxeweb.ro\/de\/wp-json\/wp\/v2\/users\/1"}],"replies":[{"embeddable":true,"href":"https:\/\/eloxeweb.ro\/de\/wp-json\/wp\/v2\/comments?post=2549"}],"version-history":[{"count":4,"href":"https:\/\/eloxeweb.ro\/de\/wp-json\/wp\/v2\/pages\/2549\/revisions"}],"predecessor-version":[{"id":2580,"href":"https:\/\/eloxeweb.ro\/de\/wp-json\/wp\/v2\/pages\/2549\/revisions\/2580"}],"wp:attachment":[{"href":"https:\/\/eloxeweb.ro\/de\/wp-json\/wp\/v2\/media?parent=2549"}],"curies":[{"name":"wp","href":"https:\/\/api.w.org\/{rel}","templated":true}]}}