{"id":2564,"date":"2023-11-20T13:35:58","date_gmt":"2023-11-20T11:35:58","guid":{"rendered":"https:\/\/eloxeweb.ro\/datenschutzbestimmungen\/"},"modified":"2025-07-11T12:55:29","modified_gmt":"2025-07-11T09:55:29","slug":"datenschutzbestimmungen","status":"publish","type":"page","link":"https:\/\/eloxeweb.ro\/de\/datenschutzbestimmungen\/","title":{"rendered":"Datenschutzbestimmungen"},"content":{"rendered":"\t\t<div data-elementor-type=\"wp-page\" data-elementor-id=\"2564\" class=\"elementor elementor-2564 elementor-3\" data-elementor-settings=\"{&quot;element_pack_global_tooltip_width&quot;:{&quot;unit&quot;:&quot;px&quot;,&quot;size&quot;:&quot;&quot;,&quot;sizes&quot;:[]},&quot;element_pack_global_tooltip_width_tablet&quot;:{&quot;unit&quot;:&quot;px&quot;,&quot;size&quot;:&quot;&quot;,&quot;sizes&quot;:[]},&quot;element_pack_global_tooltip_width_mobile&quot;:{&quot;unit&quot;:&quot;px&quot;,&quot;size&quot;:&quot;&quot;,&quot;sizes&quot;:[]},&quot;element_pack_global_tooltip_padding&quot;:{&quot;unit&quot;:&quot;px&quot;,&quot;top&quot;:&quot;&quot;,&quot;right&quot;:&quot;&quot;,&quot;bottom&quot;:&quot;&quot;,&quot;left&quot;:&quot;&quot;,&quot;isLinked&quot;:true},&quot;element_pack_global_tooltip_padding_tablet&quot;:{&quot;unit&quot;:&quot;px&quot;,&quot;top&quot;:&quot;&quot;,&quot;right&quot;:&quot;&quot;,&quot;bottom&quot;:&quot;&quot;,&quot;left&quot;:&quot;&quot;,&quot;isLinked&quot;:true},&quot;element_pack_global_tooltip_padding_mobile&quot;:{&quot;unit&quot;:&quot;px&quot;,&quot;top&quot;:&quot;&quot;,&quot;right&quot;:&quot;&quot;,&quot;bottom&quot;:&quot;&quot;,&quot;left&quot;:&quot;&quot;,&quot;isLinked&quot;:true},&quot;element_pack_global_tooltip_border_radius&quot;:{&quot;unit&quot;:&quot;px&quot;,&quot;top&quot;:&quot;&quot;,&quot;right&quot;:&quot;&quot;,&quot;bottom&quot;:&quot;&quot;,&quot;left&quot;:&quot;&quot;,&quot;isLinked&quot;:true},&quot;element_pack_global_tooltip_border_radius_tablet&quot;:{&quot;unit&quot;:&quot;px&quot;,&quot;top&quot;:&quot;&quot;,&quot;right&quot;:&quot;&quot;,&quot;bottom&quot;:&quot;&quot;,&quot;left&quot;:&quot;&quot;,&quot;isLinked&quot;:true},&quot;element_pack_global_tooltip_border_radius_mobile&quot;:{&quot;unit&quot;:&quot;px&quot;,&quot;top&quot;:&quot;&quot;,&quot;right&quot;:&quot;&quot;,&quot;bottom&quot;:&quot;&quot;,&quot;left&quot;:&quot;&quot;,&quot;isLinked&quot;:true}}\">\n\t\t\t\t\t\t<section class=\"elementor-section elementor-top-section elementor-element elementor-element-3acf685 elementor-section-boxed elementor-section-height-default elementor-section-height-default\" data-id=\"3acf685\" data-element_type=\"section\">\n\t\t\t\t\t\t<div class=\"elementor-container elementor-column-gap-default\">\n\t\t\t\t\t<div class=\"elementor-column elementor-col-100 elementor-top-column elementor-element elementor-element-42e5df3\" data-id=\"42e5df3\" data-element_type=\"column\">\n\t\t\t<div class=\"elementor-widget-wrap elementor-element-populated\">\n\t\t\t\t\t\t<div class=\"elementor-element elementor-element-ec7ba2f elementor-widget elementor-widget-text-editor\" data-id=\"ec7ba2f\" data-element_type=\"widget\" data-widget_type=\"text-editor.default\">\n\t\t\t\t<div class=\"elementor-widget-container\">\n\t\t\t\t\t\t\t\t\t<h1>Verarbeitung personenbezogener Daten<\/h1><p>Um die Einhaltung des Rechts der Nutzer der Website auf Schutz personenbezogener Daten zu gew\u00e4hrleisten, haben wir spezifische Schutzma\u00dfnahmen implementiert, die die rum\u00e4nische Gesetzgebung sowie die Anforderungen der Verordnung (EU) 2017\/679 ber\u00fccksichtigen \u2013 die ab dem 25. Mai 2018 in der gesamten Europ\u00e4ischen Union gilt (\u201e<strong>die Verordnung<\/strong>\u201c).<\/p><p>Personenbezogene Daten sind alle Informationen, durch die Sie identifiziert werden k\u00f6nnen, insbesondere durch ein Identifikationsmerkmal wie ein Name, eine Kennnummer, Standortdaten, eine Online-Kennung oder ein oder mehrere Elemente, die sich auf Ihre physische, physiologische, genetische, psychische, wirtschaftliche, kulturelle oder soziale Identit\u00e4t beziehen.  <\/p><p>Unser Unternehmen <strong>trifft alle notwendigen Ma\u00dfnahmen<\/strong>, um die Einhaltung Ihres Rechts auf Schutz personenbezogener Daten zu gew\u00e4hrleisten, und diese Bedingungen stellen die in Art. 13 oder 14 der Verordnung festgelegte <strong>Mitteilung<\/strong> dar, in der wir erl\u00e4utern, warum wir Ihre personenbezogenen Daten erheben, wie wir diese Daten sch\u00fctzen und welche Rechte Sie im Zusammenhang mit dieser Datenerhebung haben.   <\/p><p><strong>Wir empfehlen Ihnen, das Dokument sorgf\u00e4ltig zu lesen und uns alle zus\u00e4tzlichen Informationen oder Klarstellungen zukommen zu lassen, die Sie in Bezug auf den Inhalt dieser Informationen f\u00fcr notwendig halten.<\/strong><\/p><h2><strong>1)<\/strong><strong> Allgemeine Erw\u00e4gungen zu Ihren pers\u00f6nlichen Daten<\/strong><\/h2><p>In \u00dcbereinstimmung mit der Verordnung (EU) 2017\/679 wird <strong>EloxeWeb<\/strong> die von den Nutzern zur Verf\u00fcgung gestellten personenbezogenen Daten sicher und nur f\u00fcr die angegebenen Zwecke verwalten. Durch die Allgemeinen Gesch\u00e4ftsbedingungen werden die Nutzer dar\u00fcber informiert, dass die von ihnen zur Verf\u00fcgung gestellten personenbezogenen Daten zum Zwecke der optimalen Bereitstellung von Internetdiensten, Waren- und Dienstleistungen, Werbe-, Marketing- und Werbedienstleistungen sowie Statistikdiensten durch <strong>EloxeWeb<\/strong> verarbeitet werden. <\/p><p><strong>EloxeWeb<\/strong> f\u00fchrt die folgenden Verarbeitungsvorg\u00e4nge durch: Erhebung, Registrierung, Organisation, Speicherung, Anpassung, \u00c4nderung, Extraktion, Konsultation, Nutzung und in einigen F\u00e4llen \u00dcbermittlung an Dritte, ausschlie\u00dflich auf der Grundlage eines kommerziellen Vertrags, der die Sicherheit und Vertraulichkeit der Daten sowie die Wahrung der Rechte des Nutzers gew\u00e4hrleistet, der personenbezogenen Daten der Nutzer der Website, um die von ihr angebotenen Dienstleistungen zu verwalten, zu pflegen, zu verbessern und Informationen dar\u00fcber zu erhalten sowie um Fehler und Informationslecks \u00fcber das eigene IT-Netzwerk, Gesetzesverst\u00f6\u00dfe oder Vertragsbedingungen zu verhindern.<\/p><p>Die zu erhebenden personenbezogenen Daten k\u00f6nnen auch durch die automatische Erstellung von Profilen (f\u00fcr diejenigen Nutzer, die ihre ausdr\u00fcckliche Zustimmung gegeben haben) verwendet werden, um die den Nutzern \u00fcber die Website angebotenen Dienstleistungen sowie f\u00fcr Marketingzwecke so weit wie m\u00f6glich zu personalisieren. <strong>Die automatische Erstellung von Profilen zielt nicht auf die Daten von Minderj\u00e4hrigen ab,<\/strong> deren personenbezogene Daten nicht zu diesem Zweck verarbeitet werden.<\/p><p>Die personenbezogenen Daten werden von den Nutzern nach eigenem Ermessen zum Zeitpunkt der Erstellung eines g\u00fcltigen Kontos auf der Website oder der Anmeldung zu einem auf der Website verf\u00fcgbaren Dienst bereitgestellt, um die \u00fcber diese angebotenen Dienstleistungen und Produkte zu nutzen. Bei der Registrierung auf der Website werden vom Nutzer bestimmte personenbezogene Daten abgefragt, wie z. B. Vor- und Nachname, Geschlecht, Geburtsdatum, E-Mail-Adresse, Telefonnummer, Beruf, Gewohnheiten\/Vorlieben\/Verhalten, aber auch andere Informationen pers\u00f6nlicher Natur. <\/p><p>Der Nutzer ist <strong>allein verantwortlich<\/strong> f\u00fcr alle Daten, die zum Zeitpunkt der Erstellung des Benutzerkontos auf der Website angegeben werden. Zur Best\u00e4tigung der Daten und des Kontos wird der Nutzer an die bei der Erstellung des Kontos angegebene E-Mail-Adresse benachrichtigt. Diese Best\u00e4tigungs-E-Mail dient dazu, betr\u00fcgerische Handlungen von Nutzern zu unterbinden, die E-Mail-Adressen anderer Personen verwenden, um fiktive Konten zu erstellen. Wenn Sie eine solche Nachricht erhalten, obwohl Sie sich nicht pers\u00f6nlich auf der Website registriert haben, senden Sie uns bitte eine E-Mail an <strong>office@eloxeweb.ro<\/strong>, um das betreffende Konto innerhalb von maximal 3 Werktagen zu l\u00f6schen. <strong>Die E-Mail enth\u00e4lt im PDF-Format die aktuelle Version dieses Vertrags.<\/strong>   <\/p><p>Das Profilformular des Nutzers enth\u00e4lt Felder, die bearbeitet werden k\u00f6nnen, wenn die bei der Erstellung des Kontos angegebenen Daten ge\u00e4ndert oder erg\u00e4nzt werden sollen.<\/p><p>Der Nutzer ist <strong>nicht verpflichtet, diese Daten anzugeben<\/strong>, da sie i) f\u00fcr die Aufzeichnung der Nutzung der Website und ii) f\u00fcr die optimale Bereitstellung der Dienste \u00fcber diese, f\u00fcr die Bekanntmachung von Werbekampagnen, f\u00fcr Werbezwecke, f\u00fcr personalisierte Marketing- und Werbeaktionen und f\u00fcr den Zugang des Nutzers zu zus\u00e4tzlichen Einrichtungen erforderlich sind. Die Weigerung des Nutzers, die angeforderten Daten anzugeben, f\u00fchrt zur Nichtteilnahme an den \u00fcber die Website organisierten Werbeaktionen und zur Nichtnutzung der Einrichtungen, der zus\u00e4tzlichen Dienste, die ausschlie\u00dflich Nutzern mit einem Konto auf dieser Website angeboten werden.   <\/p><p>Die Website <strong>kann auch genutzt werden, wenn der Nutzer beschlie\u00dft, kein Profil zu erstellen<\/strong>, indem er seine personenbezogenen Daten angibt, mit Ausnahme der in der <strong>Cookie-Richtlinie<\/strong> (Bestandteil dieses Vertrags) festgelegten Ausnahmen.<\/p><p>Gem\u00e4\u00df der Verordnung (EU) 2017\/679 und dem Gesetz Nr. 677\/2001 haben die Nutzer das Recht auf Zugang, auf Eingriff in die Daten, das Recht, keiner individuellen Entscheidung unterworfen zu werden, und das Recht, sich an die Justiz zu wenden. Gleichzeitig haben die Nutzer das Recht, der Verarbeitung der sie betreffenden personenbezogenen Daten zu widersprechen und die L\u00f6schung der Daten zu verlangen. <\/p><p>Zur Aus\u00fcbung dieser Rechte k\u00f6nnen die Nutzer einen schriftlichen Antrag in diesem Sinne stellen, den sie per E-Mail an die Adresse <b>office@eloxeweb.ro<\/b> mit dem Vermerk \u201eAntrag auf personenbezogene Daten\u201c senden.<\/p><p>Die Website verpflichtet sich, <strong>keine<\/strong> Spam-Nachrichten (Werbenachrichten, f\u00fcr die sie nicht die vorherige ausdr\u00fcckliche Zustimmung des Nutzers hat) zu versenden und alle zug\u00e4nglichen technischen Mittel zu ergreifen, um die Sicherheit und Vertraulichkeit der Nutzerdaten zu gew\u00e4hrleisten.<\/p><p>Die Website beh\u00e4lt sich das Recht vor, ohne vorherige Ank\u00fcndigung die Konten und den Zugang von Mitgliedern zu l\u00f6schen, die gegen die Allgemeinen Gesch\u00e4ftsbedingungen versto\u00dfen, die nachweislich betr\u00fcgerische, verleumderische oder sicherheits- und vertraulichkeitsgef\u00e4hrdende Aktivit\u00e4ten in Bezug auf die Informationen auf der Website oder des Betreiberunternehmens der Website durchf\u00fchren.<\/p><h2><strong>2)<\/strong><strong> <\/strong><strong>Die personenbezogenen Daten, die wir erheben, die Grundlagen der Erhebung und die Zwecke der Erhebung<\/strong><\/h2><p>Im Rahmen der Online-Kommunikation zwischen der Website und dem Nutzer erheben und verarbeiten wir Ihre personenbezogenen Daten, wobei die Erhebung und Verarbeitung dieser Daten f\u00fcr die Bereitstellung von informativen und werblichen Inhalten f\u00fcr den Nutzer erforderlich ist, nachdem dieser die personenbezogenen Daten freiwillig auf der Website ausgef\u00fcllt hat, indem er auf einen oder mehrere der folgenden Abschnitte zugreift: Konto erstellen, Konto aktualisieren, Newsletter abonnieren, Online-Fragebogen ausf\u00fcllen, Online-Formular ausf\u00fcllen, um personalisierte Informationen oder kommerzielle Vorteile im Rahmen der auf der Website beworbenen Kampagnen zu erhalten. <\/p><p>Die Grundlagen f\u00fcr die Erhebung personenbezogener Daten auf der Website k\u00f6nnen die folgenden sein:<\/p><ol><li>die betroffene Person hat ihre Einwilligung zur Verarbeitung der personenbezogenen Daten f\u00fcr einen oder mehrere bestimmte Zwecke gegeben<\/li><li>die Verarbeitung ist f\u00fcr die Erf\u00fcllung eines Vertrags, dessen Vertragspartei die betroffene Person ist, oder zur Durchf\u00fchrung von Ma\u00dfnahmen auf Antrag der betroffenen Person vor Abschluss eines Vertrags erforderlich.<\/li><li>die Verarbeitung ist zur Erf\u00fcllung einer rechtlichen Verpflichtung erforderlich, der der Betreiber unterliegt.<\/li><li>die Verarbeitung ist erforderlich, um die lebenswichtigen Interessen der betroffenen Person oder einer anderen nat\u00fcrlichen Person zu sch\u00fctzen<\/li><li>die Verarbeitung ist f\u00fcr die Wahrnehmung einer Aufgabe erforderlich, die im \u00f6ffentlichen Interesse liegt oder in Aus\u00fcbung \u00f6ffentlicher Gewalt erfolgt, die dem Betreiber \u00fcbertragen wurde.<\/li><li>die Verarbeitung ist zur Wahrung der berechtigten Interessen des Betreibers oder eines Dritten erforderlich, es sei denn, die Interessen oder Grundrechte und Grundfreiheiten der betroffenen Person, die den Schutz personenbezogener Daten erfordern, \u00fcberwiegen, insbesondere dann, wenn es sich bei der betroffenen Person um ein Kind handelt.<\/li><\/ol><p>In den folgenden Aufz\u00e4hlungen stellen wir Ihnen detailliert vor, welche personenbezogenen Daten erhoben werden, sowie die Grundlage, den Zweck und die Dauer der Erhebung. Die Angabe der unten aufgef\u00fchrten Daten ist f\u00fcr die Anzeige der Website nicht erforderlich, mit Ausnahme derjenigen, die sich auf Cookies beziehen. <\/p><p>Die angegebenen Daten sind nur erforderlich, um spezifische Dienstleistungen f\u00fcr die Nutzer zu erbringen, die sie \u00fcbermitteln<\/p><p><strong>Personenbezogene Daten, die wir erheben: <\/strong><\/p><p>Name, Vorname, E-Mail-Adresse, Telefonnummer, geografische Standortdaten, Korrespondenzadresse, Link zu Social-Media-Profilen<\/p><p><strong>Grundlagen f\u00fcr die Erhebung dieser Daten:<\/strong> 1), 6)<\/p><p><strong>Zwecke der Erhebung personenbezogener Daten: <\/strong><\/p><p>F\u00fcr die Bereitstellung des Zugangs zu Inhalten und Antworten auf Fragen und Anfragen, die vom Nutzer online \u00fcbermittelt werden, f\u00fcr die \u00dcbermittlung von Mitteilungen, Angeboten und Vorteilen, die im Zugang zu Dienstleistungen und Produkten bestehen<\/p><p><b>Art und Zeitraum der Datenerhebung: <\/b><\/p><p>Im Rahmen der gesicherten Datenbank bis zur ausdr\u00fccklichen L\u00f6schungsaufforderung durch den Nutzer oder bis zu 10 Jahre nach der letzten Aktivit\u00e4t des Nutzers auf der Website. Nach diesen 10 Jahren werden die Daten elektronisch <b>anonymisiert<\/b>. <\/p><p><strong>Personenbezogene Daten, die wir erheben: <\/strong><\/p><p>Cookies, Zeitstempel (Datum und Uhrzeit des Zugriffs), Verlauf der Navigation auf der Website<\/p><p><strong>Grundlagen f\u00fcr die Erhebung dieser Daten: <\/strong><\/p><p>1), 6)<\/p><p><strong>Zwecke der Erhebung personenbezogener Daten: <\/strong><\/p><p>Zur \u00dcberwachung des Website-Traffics und des Verlaufs der Zugriffe auf diese, zur Erstellung der Inhaltshierarchie und zur Identifizierung der f\u00fcr den Nutzer relevantesten Inhalte.<\/p><p><b>Art und Zeitraum der Datenerhebung:<\/b><\/p><p>Im Rahmen der gesicherten Datenbank bis zur ausdr\u00fccklichen L\u00f6schungsaufforderung durch den Nutzer oder bis zu 10 Jahre nach der letzten Aktivit\u00e4t des Nutzers auf der Website. Nach diesen 10 Jahren werden die Daten elektronisch anonymisiert. <\/p><p><strong> <\/strong><\/p><h2><strong>3)<\/strong><strong> <\/strong><strong>Art der Speicherung Ihrer personenbezogenen Daten, Standort, Aufbewahrungsdauer <\/strong><\/h2><p>Wir speichern Ihre personenbezogenen Daten f\u00fcr einen Zeitraum, der <strong>den Zeitraum, der zur Erf\u00fcllung der Zwecke, f\u00fcr die die Daten verarbeitet werden, nicht \u00fcberschreitet<\/strong>, und in den F\u00e4llen, in denen wir gesetzlich verpflichtet sind, Ihre personenbezogenen Daten f\u00fcr einen bestimmten Zeitraum zu speichern, ist die Aufbewahrungsdauer die gesetzlich vorgeschriebene. Je nach konkreter Situation variiert dieser Zeitraum und kann zwischen <strong>1 Tag<\/strong> und <strong>10 Jahren<\/strong> liegen.   <\/p><p>F\u00fcr ein gutes Verst\u00e4ndnis der Art der Speicherung, des Ortes, an dem Ihre personenbezogenen Daten gespeichert werden, und des genauen Zeitraums, f\u00fcr den diese Daten in unseren Aufzeichnungen oder Systemen gespeichert werden, lesen Sie bitte die obige Tabelle. <\/p><p>Um das Recht des Nutzers auf Schutz bei der Verarbeitung personenbezogener Daten zu gew\u00e4hrleisten, implementieren wir f\u00fcr bestimmte Kategorien von Daten, die sensibler Natur sind oder die Rechte in einer Weise beeintr\u00e4chtigen k\u00f6nnen, die von Bedeutung ist, <strong>besondere Ma\u00dfnahmen technischer und organisatorischer Art<\/strong>, die diese Kategorien von personenbezogenen Daten sch\u00fctzen.<\/p><h2><strong>4)<\/strong><strong> Rechte der Nutzer in Bezug auf personenbezogene Daten und deren Aus\u00fcbung<\/strong><\/h2><p>Um die Daten des Nutzers auf einem m\u00f6glichst hohen Standard zu sch\u00fctzen, hat der Nutzer eine Reihe von gesetzlich geregelten Rechten, die wir im Folgenden kurz vorstellen, wobei wir Sie bitten, sich f\u00fcr weitere Details an den Verantwortlichen f\u00fcr den Schutz personenbezogener Daten in unserem Unternehmen zu wenden, indem Sie die folgenden Kontaktdaten verwenden: <strong>office@eloxeweb.ro<\/strong>, Str. Craiova, Nr. 19, Cluj-Napoca, Telefon . <\/p><ul><li><ul><li><strong>Recht auf Zugang<\/strong><\/li><\/ul><\/li><\/ul><p>Der Nutzer hat das Recht, Zugang zu seinen personenbezogenen Daten zu erhalten, die wir verarbeiten, sowie das Recht, Kopien davon zu erhalten. Auf Antrag des Nutzers wird Ihnen diese erste Kopie von uns <strong>kostenlos<\/strong> zur Verf\u00fcgung gestellt, wobei alle zus\u00e4tzlichen Kopien, die Sie anfordern, einer Geb\u00fchr unterliegen k\u00f6nnen, die dem Aufwand entspricht, der f\u00fcr die Extraktion und Formatierung zur \u00dcbermittlung erforderlich ist. Die Kopie der personenbezogenen Daten kann Ihnen entweder in elektronischer Form oder in physischer Form zur Verf\u00fcgung gestellt werden, je nach Ihrer Anfrage und der Art der angeforderten Daten. Um Informationen \u00fcber die auf der Website vorhandenen personenbezogenen Daten anzufordern sowie um die teilweise oder vollst\u00e4ndige L\u00f6schung dieser Daten zu beantragen, muss der Antrag \u00fcber die E-Mail-Adresse <strong>office@eloxeweb.ro<\/strong> gestellt oder ein Schreiben per Post oder Kurier an den Sitz von <strong>EloxeWeb<\/strong> gesendet werden.    <\/p><p>Dar\u00fcber hinaus hat der Nutzer das Recht, alle relevanten zus\u00e4tzlichen Informationen zu erhalten (wie z. B. den Grund f\u00fcr die Verarbeitung der personenbezogenen Daten, die Kategorien der personenbezogenen Daten, die wir erheben, Informationen \u00fcber die Verarbeitung und Offenlegung dieser Daten und alle anderen derartigen Informationen).<\/p><ul><li><ul><li><strong>Recht auf Berichtigung der Daten<\/strong><\/li><\/ul><\/li><\/ul><p>Der Nutzer hat das Recht, die Berichtigung aller Ungenauigkeiten zu erhalten, die sich auf seine von uns verarbeiteten personenbezogenen Daten beziehen. Er hat auch das Recht, die Vervollst\u00e4ndigung aller personenbezogenen Daten zu erhalten, die unvollst\u00e4ndig sind. Jeder Nutzer wird ermutigt, die Website unter der Adresse <strong>office@eloxeweb.ro<\/strong> zu kontaktieren, wann immer er feststellt, dass eine Ungenauigkeit in Bezug auf seine personenbezogenen Daten besteht oder dass seine von <strong>EloxeWeb<\/strong> verarbeiteten personenbezogenen Daten unvollst\u00e4ndig sind.  <\/p><ul><li><ul><li><strong>Recht auf L\u00f6schung der Daten<\/strong><\/li><\/ul><\/li><\/ul><p>Der Nutzer hat das Recht auf L\u00f6schung der personenbezogenen Daten. Dieses Recht ist kein absolutes Recht, was bedeutet, dass das Gesetz bestimmte Einschr\u00e4nkungen in Bezug auf die Aus\u00fcbung dieses Rechts vorsieht (\u201e<strong>das Recht auf Vergessenwerden<\/strong>\u201c). <\/p><ul><li><ul><li><strong>Recht auf Einschr\u00e4nkung der Verarbeitung der Daten<\/strong><\/li><\/ul><\/li><\/ul><p>Der Nutzer hat das Recht, die Einschr\u00e4nkung der Verarbeitung seiner personenbezogenen Daten zu erhalten, die wir erheben und verarbeiten, insbesondere wenn er die Richtigkeit der Daten bestreitet, wenn die Verarbeitung der Daten rechtswidrig ist oder wenn die Verarbeitung dieser Daten nach dem Gesetz nicht mehr erforderlich ist.<\/p><ul><li><ul><li><strong>Recht auf Widerspruch<\/strong><\/li><\/ul><\/li><\/ul><p>Der Nutzer hat das Recht, der Verarbeitung der personenbezogenen Daten durch uns zu widersprechen, insbesondere wenn die Verarbeitung zu Marketingzwecken oder aus Gr\u00fcnden erfolgt, die mit der besonderen Situation zusammenh\u00e4ngen, in der er sich befindet, in diesem Fall m\u00fcssen seine Daten so schnell wie m\u00f6glich nach der Meldung des Widerspruchs aus der Datenbank der Website anonymisiert werden, und die Anonymisierung muss dem Nutzer best\u00e4tigt werden.<\/p><ul><li><ul><li><strong>Recht auf Widerruf der Einwilligung<\/strong><\/li><\/ul><\/li><\/ul><p>F\u00fcr die personenbezogenen Daten, die auf der Grundlage der Einwilligung verarbeitet werden, hat der Nutzer das Recht, seine Einwilligung jederzeit zu widerrufen, genauso einfach, wie er sie urspr\u00fcnglich erteilt hat. Der Widerruf der Einwilligung ber\u00fchrt jedoch nicht die Rechtm\u00e4\u00dfigkeit der Datenverarbeitung, die wir vor dem Widerruf der Einwilligung durchgef\u00fchrt haben. Das Recht auf Widerruf der Einwilligung ist kein absolutes Recht, was bedeutet, dass es F\u00e4lle gibt, in denen die Daten aufgrund des Widerrufs der Einwilligung nicht gel\u00f6scht werden (z. B. wenn die personenbezogenen Daten verwendet werden, damit die Website einer gesetzlichen Verpflichtung nachkommt). Die Anwendung des Widerrufs der Einwilligung gilt ab dem Zeitpunkt der Registrierung, und die Durchf\u00fchrung des Widerrufs der Einwilligung erfolgt innerhalb von maximal 3 Werktagen nach der Registrierung.   <\/p><ul><li><ul><li><strong>Recht, eine Beschwerde bei der zust\u00e4ndigen Beh\u00f6rde einzureichen<\/strong><\/li><\/ul><\/li><\/ul><p>Der Nutzer hat das Recht, eine Beschwerde bei der Nationalen Aufsichtsbeh\u00f6rde f\u00fcr die Verarbeitung personenbezogener Daten in Bezug auf die Aspekte einzureichen, die die Verarbeitung personenbezogener Daten durch unser Unternehmen betreffen.<\/p><ul><li><ul><li><strong>Automatisierte Entscheidungsfindung, einschlie\u00dflich Profilerstellung, und das Recht, zu verlangen, dass Entscheidungen, die auf der automatischen Verarbeitung von Daten beruhen oder die in erheblichem Ma\u00dfe beeintr\u00e4chtigen, von nat\u00fcrlichen Personen und nicht ausschlie\u00dflich von Computern getroffen werden<\/strong><\/li><\/ul><\/li><\/ul><p>Die personenbezogenen Daten werden durch einen automatisierten Entscheidungsprozess erhoben und verarbeitet, um die Informationen und kommerziellen Mitteilungen, die an Sie gerichtet sind, zu personalisieren. Der automatisierte Entscheidungsprozess, der Gesundheitsdaten beinhaltet, basiert auf <u><b>Ihrer ausdr\u00fccklichen Einwilligung<\/b><\/u>. <\/p><p>Im Rahmen dieser Prozesse werden Ihre Daten durch spezielle Sicherheitsma\u00dfnahmen wie Datenverschl\u00fcsselung und erweiterte Sicherheit auf Datenbankserverebene gesch\u00fctzt.<\/p><p>Sie haben das Recht, die \u00c4nderung der Art und Weise zu beantragen, wie Ihre personenbezogenen Daten automatisch verarbeitet werden, indem Sie die \u00dcberpr\u00fcfung des automatisierten Prozesses durch menschliches Eingreifen beantragen. Bitte kontaktieren Sie uns zu diesem Zweck unter der E-Mail-Adresse <b>office@eloxeweb.ro<\/b>. <\/p><h2><strong>5)<\/strong><strong> <\/strong><strong>Aus\u00fcbung der Rechte<\/strong><\/h2><p>Damit der Nutzer die oben genannten Rechte aus\u00fcben, Fragen zu diesen Rechten stellen oder Erl\u00e4uterungen zu den Bestimmungen dieser Informationen anfordern kann, bitten wir Sie, uns jederzeit unter den Kontaktinformationen zu kontaktieren.<\/p><p>Wie k\u00f6nnen Antr\u00e4ge oder Beschwerden \u00fcbermittelt werden \u2013 Ansprechpartner<\/p><p>Um weitere Informationen zu personenbezogenen Daten, zur Art und Weise, wie Daten erfasst, verarbeitet und gesch\u00fctzt werden, zu erhalten oder um Erl\u00e4uterungen zu den in diesen Bedingungen und Konditionen genannten Punkten zu erhalten, kann sich jeder Nutzer jederzeit an den Verantwortlichen f\u00fcr den Schutz personenbezogener Daten innerhalb des Unternehmens wenden, indem er sich per E-Mail an <b>office@eloxeweb.ro<\/b> oder per Post an Str. Craiova, nr.19, Cluj-Napoca wendet. <\/p><h1><strong>6) H\u00f6here Gewalt<\/strong><\/h1><p>Keine der Parteien haftet f\u00fcr die Nichterf\u00fcllung ihrer vertraglichen Verpflichtungen, wenn eine solche Nichterf\u00fcllung auf einem Ereignis h\u00f6herer Gewalt beruht. H\u00f6here Gewalt ist das unvorhersehbare Ereignis, das au\u00dferhalb der Kontrolle der Parteien liegt und nicht vermieden werden kann. <\/p>\t\t\t\t\t\t\t\t<\/div>\n\t\t\t\t<\/div>\n\t\t\t\t\t<\/div>\n\t\t<\/div>\n\t\t\t\t\t<\/div>\n\t\t<\/section>\n\t\t\t\t<\/div>\n\t\t","protected":false},"excerpt":{"rendered":"<p>Verarbeitung personenbezogener Daten Um die Einhaltung des Rechts der Nutzer der Website auf Schutz personenbezogener Daten zu gew\u00e4hrleisten, haben wir spezifische Schutzma\u00dfnahmen [&hellip;]<\/p>\n","protected":false},"author":1,"featured_media":0,"parent":0,"menu_order":0,"comment_status":"closed","ping_status":"closed","template":"","meta":{"footnotes":""},"class_list":["post-2564","page","type-page","status-publish","hentry"],"_links":{"self":[{"href":"https:\/\/eloxeweb.ro\/de\/wp-json\/wp\/v2\/pages\/2564","targetHints":{"allow":["GET"]}}],"collection":[{"href":"https:\/\/eloxeweb.ro\/de\/wp-json\/wp\/v2\/pages"}],"about":[{"href":"https:\/\/eloxeweb.ro\/de\/wp-json\/wp\/v2\/types\/page"}],"author":[{"embeddable":true,"href":"https:\/\/eloxeweb.ro\/de\/wp-json\/wp\/v2\/users\/1"}],"replies":[{"embeddable":true,"href":"https:\/\/eloxeweb.ro\/de\/wp-json\/wp\/v2\/comments?post=2564"}],"version-history":[{"count":1,"href":"https:\/\/eloxeweb.ro\/de\/wp-json\/wp\/v2\/pages\/2564\/revisions"}],"predecessor-version":[{"id":2565,"href":"https:\/\/eloxeweb.ro\/de\/wp-json\/wp\/v2\/pages\/2564\/revisions\/2565"}],"wp:attachment":[{"href":"https:\/\/eloxeweb.ro\/de\/wp-json\/wp\/v2\/media?parent=2564"}],"curies":[{"name":"wp","href":"https:\/\/api.w.org\/{rel}","templated":true}]}}